{"id":23,"date":"2025-06-19T23:46:28","date_gmt":"2025-06-19T23:46:28","guid":{"rendered":"https:\/\/lightsalmon-wren-979082.hostingersite.com\/?page_id=23"},"modified":"2025-06-27T14:10:31","modified_gmt":"2025-06-27T14:10:31","slug":"quem-somos","status":"publish","type":"page","link":"https:\/\/odontomedepitacio.com.br\/?page_id=23","title":{"rendered":"Quem somos"},"content":{"rendered":"\t\t<div data-elementor-type=\"wp-page\" data-elementor-id=\"23\" class=\"elementor elementor-23\" data-elementor-post-type=\"page\">\n\t\t\t\t<div data-particle_enable=\"false\" data-particle-mobile-disabled=\"false\" class=\"elementor-element elementor-element-1bdfbf1 e-flex e-con-boxed e-con e-parent\" data-id=\"1bdfbf1\" data-element_type=\"container\" data-e-type=\"container\">\n\t\t\t\t\t<div class=\"e-con-inner\">\n\t\t<div data-particle_enable=\"false\" data-particle-mobile-disabled=\"false\" class=\"elementor-element elementor-element-248ea2c e-con-full e-flex e-con e-child\" data-id=\"248ea2c\" data-element_type=\"container\" data-e-type=\"container\">\n\t\t\t\t<div class=\"elementor-element elementor-element-b90f092 elementor-widget elementor-widget-heading\" data-id=\"b90f092\" data-element_type=\"widget\" data-e-type=\"widget\" data-widget_type=\"heading.default\">\n\t\t\t\t<div class=\"elementor-widget-container\">\n\t\t\t\t\t<h2 class=\"elementor-heading-title elementor-size-default\">Sobre n\u00f3s<\/h2>\t\t\t\t<\/div>\n\t\t\t\t<\/div>\n\t\t\t\t<div class=\"elementor-element elementor-element-e146e1c elementor-widget elementor-widget-text-editor\" data-id=\"e146e1c\" data-element_type=\"widget\" data-e-type=\"widget\" data-widget_type=\"text-editor.default\">\n\t\t\t\t<div class=\"elementor-widget-container\">\n\t\t\t\t\t\t\t\t\tCONHE\u00c7A A ODONTOMED\t\t\t\t\t\t\t\t<\/div>\n\t\t\t\t<\/div>\n\t\t\t\t<div class=\"elementor-element elementor-element-53608f4 elementor-hidden-widescreen elementor-hidden-desktop elementor-widget elementor-widget-image\" data-id=\"53608f4\" data-element_type=\"widget\" data-e-type=\"widget\" data-widget_type=\"image.default\">\n\t\t\t\t<div class=\"elementor-widget-container\">\n\t\t\t\t\t\t\t\t\t\t\t\t\t\t\t<img fetchpriority=\"high\" decoding=\"async\" width=\"1080\" height=\"1350\" src=\"https:\/\/odontomedepitacio.com.br\/wp-content\/uploads\/2025\/06\/0-1.jpg\" class=\"attachment-full size-full wp-image-174\" alt=\"\" srcset=\"https:\/\/odontomedepitacio.com.br\/wp-content\/uploads\/2025\/06\/0-1.jpg 1080w, https:\/\/odontomedepitacio.com.br\/wp-content\/uploads\/2025\/06\/0-1-240x300.jpg 240w, https:\/\/odontomedepitacio.com.br\/wp-content\/uploads\/2025\/06\/0-1-819x1024.jpg 819w, https:\/\/odontomedepitacio.com.br\/wp-content\/uploads\/2025\/06\/0-1-768x960.jpg 768w\" sizes=\"(max-width: 1080px) 100vw, 1080px\" \/>\t\t\t\t\t\t\t\t\t\t\t\t\t\t\t<\/div>\n\t\t\t\t<\/div>\n\t\t\t\t<div class=\"elementor-element elementor-element-0b16b7e elementor-widget elementor-widget-text-editor\" data-id=\"0b16b7e\" data-element_type=\"widget\" data-e-type=\"widget\" data-widget_type=\"text-editor.default\">\n\t\t\t\t<div class=\"elementor-widget-container\">\n\t\t\t\t\t\t\t\t\t<p>Com mais de 30 anos de atua\u00e7\u00e3o em Presidente Epit\u00e1cio\/SP, somos refer\u00eancia em Cirurgia e Traumatologia Buco Maxilo Facial, al\u00e9m de realizarmos atendimentos em Odontologia Hospitalar, Implantes, Disfun\u00e7\u00f5es da ATM, enxertos \u00f3sseos, bi\u00f3psias e tratamento de doen\u00e7as gengivais.<\/p>\t\t\t\t\t\t\t\t<\/div>\n\t\t\t\t<\/div>\n\t\t\t\t<div class=\"elementor-element elementor-element-89db480 elementor-widget elementor-widget-button\" data-id=\"89db480\" data-element_type=\"widget\" data-e-type=\"widget\" data-widget_type=\"button.default\">\n\t\t\t\t<div class=\"elementor-widget-container\">\n\t\t\t\t\t\t\t\t\t<div class=\"elementor-button-wrapper\">\n\t\t\t\t\t<a class=\"elementor-button elementor-button-link elementor-size-sm\" href=\"#\">\n\t\t\t\t\t\t<span class=\"elementor-button-content-wrapper\">\n\t\t\t\t\t\t<span class=\"elementor-button-icon\">\n\t\t\t\t<svg aria-hidden=\"true\" class=\"e-font-icon-svg e-fab-whatsapp\" viewBox=\"0 0 448 512\" xmlns=\"http:\/\/www.w3.org\/2000\/svg\"><path d=\"M380.9 97.1C339 55.1 283.2 32 223.9 32c-122.4 0-222 99.6-222 222 0 39.1 10.2 77.3 29.6 111L0 480l117.7-30.9c32.4 17.7 68.9 27 106.1 27h.1c122.3 0 224.1-99.6 224.1-222 0-59.3-25.2-115-67.1-157zm-157 341.6c-33.2 0-65.7-8.9-94-25.7l-6.7-4-69.8 18.3L72 359.2l-4.4-7c-18.5-29.4-28.2-63.3-28.2-98.2 0-101.7 82.8-184.5 184.6-184.5 49.3 0 95.6 19.2 130.4 54.1 34.8 34.9 56.2 81.2 56.1 130.5 0 101.8-84.9 184.6-186.6 184.6zm101.2-138.2c-5.5-2.8-32.8-16.2-37.9-18-5.1-1.9-8.8-2.8-12.5 2.8-3.7 5.6-14.3 18-17.6 21.8-3.2 3.7-6.5 4.2-12 1.4-32.6-16.3-54-29.1-75.5-66-5.7-9.8 5.7-9.1 16.3-30.3 1.8-3.7.9-6.9-.5-9.7-1.4-2.8-12.5-30.1-17.1-41.2-4.5-10.8-9.1-9.3-12.5-9.5-3.2-.2-6.9-.2-10.6-.2-3.7 0-9.7 1.4-14.8 6.9-5.1 5.6-19.4 19-19.4 46.3 0 27.3 19.9 53.7 22.6 57.4 2.8 3.7 39.1 59.7 94.8 83.8 35.2 15.2 49 16.5 66.6 13.9 10.7-1.6 32.8-13.4 37.4-26.4 4.6-13 4.6-24.1 3.2-26.4-1.3-2.5-5-3.9-10.5-6.6z\"><\/path><\/svg>\t\t\t<\/span>\n\t\t\t\t\t\t\t\t\t<span class=\"elementor-button-text\">Clique aqui  para ser atendido<\/span>\n\t\t\t\t\t<\/span>\n\t\t\t\t\t<\/a>\n\t\t\t\t<\/div>\n\t\t\t\t\t\t\t\t<\/div>\n\t\t\t\t<\/div>\n\t\t\t\t<\/div>\n\t\t<div data-particle_enable=\"false\" data-particle-mobile-disabled=\"false\" class=\"elementor-element elementor-element-007b781 e-con-full e-flex e-con e-child\" data-id=\"007b781\" data-element_type=\"container\" data-e-type=\"container\">\n\t\t\t\t<div class=\"elementor-element elementor-element-9c890a2 elementor-hidden-tablet elementor-hidden-mobile elementor-widget elementor-widget-image\" data-id=\"9c890a2\" data-element_type=\"widget\" data-e-type=\"widget\" data-widget_type=\"image.default\">\n\t\t\t\t<div class=\"elementor-widget-container\">\n\t\t\t\t\t\t\t\t\t\t\t\t\t\t\t<img fetchpriority=\"high\" decoding=\"async\" width=\"1080\" height=\"1350\" src=\"https:\/\/odontomedepitacio.com.br\/wp-content\/uploads\/2025\/06\/0-1.jpg\" class=\"attachment-full size-full wp-image-174\" alt=\"\" srcset=\"https:\/\/odontomedepitacio.com.br\/wp-content\/uploads\/2025\/06\/0-1.jpg 1080w, https:\/\/odontomedepitacio.com.br\/wp-content\/uploads\/2025\/06\/0-1-240x300.jpg 240w, https:\/\/odontomedepitacio.com.br\/wp-content\/uploads\/2025\/06\/0-1-819x1024.jpg 819w, https:\/\/odontomedepitacio.com.br\/wp-content\/uploads\/2025\/06\/0-1-768x960.jpg 768w\" sizes=\"(max-width: 1080px) 100vw, 1080px\" \/>\t\t\t\t\t\t\t\t\t\t\t\t\t\t\t<\/div>\n\t\t\t\t<\/div>\n\t\t\t\t<\/div>\n\t\t\t\t\t<\/div>\n\t\t\t\t<\/div>\n\t\t<div data-particle_enable=\"false\" data-particle-mobile-disabled=\"false\" class=\"elementor-element elementor-element-0685bb9 e-flex e-con-boxed e-con e-parent\" data-id=\"0685bb9\" data-element_type=\"container\" data-e-type=\"container\" data-settings=\"{&quot;background_background&quot;:&quot;classic&quot;}\">\n\t\t\t\t\t<div class=\"e-con-inner\">\n\t\t\t\t<div class=\"elementor-element elementor-element-54cdc32 elementor-widget-widescreen__width-initial elementor-widget elementor-widget-heading\" data-id=\"54cdc32\" data-element_type=\"widget\" data-e-type=\"widget\" data-widget_type=\"heading.default\">\n\t\t\t\t<div class=\"elementor-widget-container\">\n\t\t\t\t\t<h2 class=\"elementor-heading-title elementor-size-default\">Contamos com uma estrutura moderna, equipamentos seguros e uma equipe pronta para atender com respeito, \u00e9tica e responsabilidade.<\/h2>\t\t\t\t<\/div>\n\t\t\t\t<\/div>\n\t\t\t\t<div class=\"elementor-element elementor-element-6924787 elementor-widget-widescreen__width-initial elementor-widget elementor-widget-button\" data-id=\"6924787\" data-element_type=\"widget\" data-e-type=\"widget\" data-widget_type=\"button.default\">\n\t\t\t\t<div class=\"elementor-widget-container\">\n\t\t\t\t\t\t\t\t\t<div class=\"elementor-button-wrapper\">\n\t\t\t\t\t<a class=\"elementor-button elementor-button-link elementor-size-sm\" href=\"#\">\n\t\t\t\t\t\t<span class=\"elementor-button-content-wrapper\">\n\t\t\t\t\t\t<span class=\"elementor-button-icon\">\n\t\t\t\t<svg aria-hidden=\"true\" class=\"e-font-icon-svg e-far-arrow-alt-circle-right\" viewBox=\"0 0 512 512\" xmlns=\"http:\/\/www.w3.org\/2000\/svg\"><path d=\"M504 256C504 119 393 8 256 8S8 119 8 256s111 248 248 248 248-111 248-248zm-448 0c0-110.5 89.5-200 200-200s200 89.5 200 200-89.5 200-200 200S56 366.5 56 256zm72 20v-40c0-6.6 5.4-12 12-12h116v-67c0-10.7 12.9-16 20.5-8.5l99 99c4.7 4.7 4.7 12.3 0 17l-99 99c-7.6 7.6-20.5 2.2-20.5-8.5v-67H140c-6.6 0-12-5.4-12-12z\"><\/path><\/svg>\t\t\t<\/span>\n\t\t\t\t\t\t\t\t\t<span class=\"elementor-button-text\">Fale conosco<\/span>\n\t\t\t\t\t<\/span>\n\t\t\t\t\t<\/a>\n\t\t\t\t<\/div>\n\t\t\t\t\t\t\t\t<\/div>\n\t\t\t\t<\/div>\n\t\t\t\t\t<\/div>\n\t\t\t\t<\/div>\n\t\t\t\t<\/div>\n\t\t","protected":false},"excerpt":{"rendered":"<p>Sobre n\u00f3s CONHE\u00c7A A ODONTOMED Com mais de 30 anos de atua\u00e7\u00e3o em Presidente Epit\u00e1cio\/SP, somos refer\u00eancia em Cirurgia e [&hellip;]<\/p>\n","protected":false},"author":1,"featured_media":0,"parent":0,"menu_order":0,"comment_status":"closed","ping_status":"closed","template":"","meta":{"site-sidebar-layout":"no-sidebar","site-content-layout":"","ast-site-content-layout":"full-width-container","site-content-style":"default","site-sidebar-style":"default","ast-global-header-display":"","ast-banner-title-visibility":"","ast-main-header-display":"","ast-hfb-above-header-display":"","ast-hfb-below-header-display":"","ast-hfb-mobile-header-display":"","site-post-title":"disabled","ast-breadcrumbs-content":"","ast-featured-img":"disabled","footer-sml-layout":"","ast-disable-related-posts":"","theme-transparent-header-meta":"","adv-header-id-meta":"","stick-header-meta":"","header-above-stick-meta":"","header-main-stick-meta":"","header-below-stick-meta":"","astra-migrate-meta-layouts":"default","ast-page-background-enabled":"default","ast-page-background-meta":{"desktop":{"background-color":"var(--ast-global-color-5)","background-image":"","background-repeat":"repeat","background-position":"center center","background-size":"auto","background-attachment":"scroll","background-type":"","background-media":"","overlay-type":"","overlay-color":"","overlay-opacity":"","overlay-gradient":""},"tablet":{"background-color":"","background-image":"","background-repeat":"repeat","background-position":"center center","background-size":"auto","background-attachment":"scroll","background-type":"","background-media":"","overlay-type":"","overlay-color":"","overlay-opacity":"","overlay-gradient":""},"mobile":{"background-color":"","background-image":"","background-repeat":"repeat","background-position":"center center","background-size":"auto","background-attachment":"scroll","background-type":"","background-media":"","overlay-type":"","overlay-color":"","overlay-opacity":"","overlay-gradient":""}},"ast-content-background-meta":{"desktop":{"background-color":"var(--ast-global-color-4)","background-image":"","background-repeat":"repeat","background-position":"center center","background-size":"auto","background-attachment":"scroll","background-type":"","background-media":"","overlay-type":"","overlay-color":"","overlay-opacity":"","overlay-gradient":""},"tablet":{"background-color":"var(--ast-global-color-4)","background-image":"","background-repeat":"repeat","background-position":"center center","background-size":"auto","background-attachment":"scroll","background-type":"","background-media":"","overlay-type":"","overlay-color":"","overlay-opacity":"","overlay-gradient":""},"mobile":{"background-color":"var(--ast-global-color-4)","background-image":"","background-repeat":"repeat","background-position":"center center","background-size":"auto","background-attachment":"scroll","background-type":"","background-media":"","overlay-type":"","overlay-color":"","overlay-opacity":"","overlay-gradient":""}},"footnotes":""},"class_list":["post-23","page","type-page","status-publish","hentry"],"yoast_head":"<!-- This site is optimized with the Yoast SEO Premium plugin v25.3 (Yoast SEO v27.4) - https:\/\/yoast.com\/product\/yoast-seo-premium-wordpress\/ -->\n<title>Quem somos - Odontomed Epit\u00e1cio<\/title>\n<meta name=\"robots\" content=\"index, follow, max-snippet:-1, max-image-preview:large, max-video-preview:-1\" \/>\n<link rel=\"canonical\" href=\"https:\/\/lightsalmon-wren-979082.hostingersite.com\/?page_id=23\" \/>\n<meta property=\"og:locale\" content=\"pt_BR\" \/>\n<meta property=\"og:type\" content=\"article\" \/>\n<meta property=\"og:title\" content=\"Quem somos\" \/>\n<meta property=\"og:description\" content=\"Sobre n\u00f3s CONHE\u00c7A A ODONTOMED Com mais de 30 anos de atua\u00e7\u00e3o em Presidente Epit\u00e1cio\/SP, somos refer\u00eancia em Cirurgia e [&hellip;]\" \/>\n<meta property=\"og:url\" content=\"https:\/\/lightsalmon-wren-979082.hostingersite.com\/?page_id=23\" \/>\n<meta property=\"og:site_name\" content=\"Odontomed Epit\u00e1cio\" \/>\n<meta property=\"article:modified_time\" content=\"2025-06-27T14:10:31+00:00\" \/>\n<meta property=\"og:image\" content=\"https:\/\/odontomedepitacio.com.br\/wp-content\/uploads\/2025\/06\/0-1.jpg\" \/>\n<meta name=\"twitter:card\" content=\"summary_large_image\" \/>\n<meta name=\"twitter:label1\" content=\"Est. tempo de leitura\" \/>\n\t<meta name=\"twitter:data1\" content=\"1 minuto\" \/>\n<script type=\"application\/ld+json\" class=\"yoast-schema-graph\">{\"@context\":\"https:\\\/\\\/schema.org\",\"@graph\":[{\"@type\":\"WebPage\",\"@id\":\"https:\\\/\\\/lightsalmon-wren-979082.hostingersite.com\\\/?page_id=23\",\"url\":\"https:\\\/\\\/lightsalmon-wren-979082.hostingersite.com\\\/?page_id=23\",\"name\":\"Quem somos - Odontomed Epit\u00e1cio\",\"isPartOf\":{\"@id\":\"https:\\\/\\\/lightsalmon-wren-979082.hostingersite.com\\\/#website\"},\"primaryImageOfPage\":{\"@id\":\"https:\\\/\\\/lightsalmon-wren-979082.hostingersite.com\\\/?page_id=23#primaryimage\"},\"image\":{\"@id\":\"https:\\\/\\\/lightsalmon-wren-979082.hostingersite.com\\\/?page_id=23#primaryimage\"},\"thumbnailUrl\":\"https:\\\/\\\/odontomedepitacio.com.br\\\/wp-content\\\/uploads\\\/2025\\\/06\\\/0-1.jpg\",\"datePublished\":\"2025-06-19T23:46:28+00:00\",\"dateModified\":\"2025-06-27T14:10:31+00:00\",\"breadcrumb\":{\"@id\":\"https:\\\/\\\/lightsalmon-wren-979082.hostingersite.com\\\/?page_id=23#breadcrumb\"},\"inLanguage\":\"pt-BR\",\"potentialAction\":[{\"@type\":\"ReadAction\",\"target\":[\"https:\\\/\\\/lightsalmon-wren-979082.hostingersite.com\\\/?page_id=23\"]}]},{\"@type\":\"ImageObject\",\"inLanguage\":\"pt-BR\",\"@id\":\"https:\\\/\\\/lightsalmon-wren-979082.hostingersite.com\\\/?page_id=23#primaryimage\",\"url\":\"https:\\\/\\\/odontomedepitacio.com.br\\\/wp-content\\\/uploads\\\/2025\\\/06\\\/0-1.jpg\",\"contentUrl\":\"https:\\\/\\\/odontomedepitacio.com.br\\\/wp-content\\\/uploads\\\/2025\\\/06\\\/0-1.jpg\",\"width\":1080,\"height\":1350},{\"@type\":\"BreadcrumbList\",\"@id\":\"https:\\\/\\\/lightsalmon-wren-979082.hostingersite.com\\\/?page_id=23#breadcrumb\",\"itemListElement\":[{\"@type\":\"ListItem\",\"position\":1,\"name\":\"In\u00edcio\",\"item\":\"https:\\\/\\\/lightsalmon-wren-979082.hostingersite.com\\\/\"},{\"@type\":\"ListItem\",\"position\":2,\"name\":\"Quem somos\"}]},{\"@type\":\"WebSite\",\"@id\":\"https:\\\/\\\/lightsalmon-wren-979082.hostingersite.com\\\/#website\",\"url\":\"https:\\\/\\\/lightsalmon-wren-979082.hostingersite.com\\\/\",\"name\":\"Odontomed Epit\u00e1cio\",\"description\":\"Reabilita\u00e7\u00e3o Oral\",\"publisher\":{\"@id\":\"https:\\\/\\\/lightsalmon-wren-979082.hostingersite.com\\\/#organization\"},\"potentialAction\":[{\"@type\":\"SearchAction\",\"target\":{\"@type\":\"EntryPoint\",\"urlTemplate\":\"https:\\\/\\\/lightsalmon-wren-979082.hostingersite.com\\\/?s={search_term_string}\"},\"query-input\":{\"@type\":\"PropertyValueSpecification\",\"valueRequired\":true,\"valueName\":\"search_term_string\"}}],\"inLanguage\":\"pt-BR\"},{\"@type\":\"Organization\",\"@id\":\"https:\\\/\\\/lightsalmon-wren-979082.hostingersite.com\\\/#organization\",\"name\":\"Odontomed Epit\u00e1cio\",\"url\":\"https:\\\/\\\/lightsalmon-wren-979082.hostingersite.com\\\/\",\"logo\":{\"@type\":\"ImageObject\",\"inLanguage\":\"pt-BR\",\"@id\":\"https:\\\/\\\/lightsalmon-wren-979082.hostingersite.com\\\/#\\\/schema\\\/logo\\\/image\\\/\",\"url\":\"https:\\\/\\\/odontomedepitacio.com.br\\\/wp-content\\\/uploads\\\/2025\\\/06\\\/LOGO-e1750379116384.png\",\"contentUrl\":\"https:\\\/\\\/odontomedepitacio.com.br\\\/wp-content\\\/uploads\\\/2025\\\/06\\\/LOGO-e1750379116384.png\",\"width\":1000,\"height\":195,\"caption\":\"Odontomed Epit\u00e1cio\"},\"image\":{\"@id\":\"https:\\\/\\\/lightsalmon-wren-979082.hostingersite.com\\\/#\\\/schema\\\/logo\\\/image\\\/\"}}]}<\/script>\n<!-- \/ Yoast SEO Premium plugin. -->","yoast_head_json":{"title":"Quem somos - Odontomed Epit\u00e1cio","robots":{"index":"index","follow":"follow","max-snippet":"max-snippet:-1","max-image-preview":"max-image-preview:large","max-video-preview":"max-video-preview:-1"},"canonical":"https:\/\/lightsalmon-wren-979082.hostingersite.com\/?page_id=23","og_locale":"pt_BR","og_type":"article","og_title":"Quem somos","og_description":"Sobre n\u00f3s CONHE\u00c7A A ODONTOMED Com mais de 30 anos de atua\u00e7\u00e3o em Presidente Epit\u00e1cio\/SP, somos refer\u00eancia em Cirurgia e [&hellip;]","og_url":"https:\/\/lightsalmon-wren-979082.hostingersite.com\/?page_id=23","og_site_name":"Odontomed Epit\u00e1cio","article_modified_time":"2025-06-27T14:10:31+00:00","og_image":[{"url":"https:\/\/odontomedepitacio.com.br\/wp-content\/uploads\/2025\/06\/0-1.jpg","type":"","width":"","height":""}],"twitter_card":"summary_large_image","twitter_misc":{"Est. tempo de leitura":"1 minuto"},"schema":{"@context":"https:\/\/schema.org","@graph":[{"@type":"WebPage","@id":"https:\/\/lightsalmon-wren-979082.hostingersite.com\/?page_id=23","url":"https:\/\/lightsalmon-wren-979082.hostingersite.com\/?page_id=23","name":"Quem somos - Odontomed Epit\u00e1cio","isPartOf":{"@id":"https:\/\/lightsalmon-wren-979082.hostingersite.com\/#website"},"primaryImageOfPage":{"@id":"https:\/\/lightsalmon-wren-979082.hostingersite.com\/?page_id=23#primaryimage"},"image":{"@id":"https:\/\/lightsalmon-wren-979082.hostingersite.com\/?page_id=23#primaryimage"},"thumbnailUrl":"https:\/\/odontomedepitacio.com.br\/wp-content\/uploads\/2025\/06\/0-1.jpg","datePublished":"2025-06-19T23:46:28+00:00","dateModified":"2025-06-27T14:10:31+00:00","breadcrumb":{"@id":"https:\/\/lightsalmon-wren-979082.hostingersite.com\/?page_id=23#breadcrumb"},"inLanguage":"pt-BR","potentialAction":[{"@type":"ReadAction","target":["https:\/\/lightsalmon-wren-979082.hostingersite.com\/?page_id=23"]}]},{"@type":"ImageObject","inLanguage":"pt-BR","@id":"https:\/\/lightsalmon-wren-979082.hostingersite.com\/?page_id=23#primaryimage","url":"https:\/\/odontomedepitacio.com.br\/wp-content\/uploads\/2025\/06\/0-1.jpg","contentUrl":"https:\/\/odontomedepitacio.com.br\/wp-content\/uploads\/2025\/06\/0-1.jpg","width":1080,"height":1350},{"@type":"BreadcrumbList","@id":"https:\/\/lightsalmon-wren-979082.hostingersite.com\/?page_id=23#breadcrumb","itemListElement":[{"@type":"ListItem","position":1,"name":"In\u00edcio","item":"https:\/\/lightsalmon-wren-979082.hostingersite.com\/"},{"@type":"ListItem","position":2,"name":"Quem somos"}]},{"@type":"WebSite","@id":"https:\/\/lightsalmon-wren-979082.hostingersite.com\/#website","url":"https:\/\/lightsalmon-wren-979082.hostingersite.com\/","name":"Odontomed Epit\u00e1cio","description":"Reabilita\u00e7\u00e3o Oral","publisher":{"@id":"https:\/\/lightsalmon-wren-979082.hostingersite.com\/#organization"},"potentialAction":[{"@type":"SearchAction","target":{"@type":"EntryPoint","urlTemplate":"https:\/\/lightsalmon-wren-979082.hostingersite.com\/?s={search_term_string}"},"query-input":{"@type":"PropertyValueSpecification","valueRequired":true,"valueName":"search_term_string"}}],"inLanguage":"pt-BR"},{"@type":"Organization","@id":"https:\/\/lightsalmon-wren-979082.hostingersite.com\/#organization","name":"Odontomed Epit\u00e1cio","url":"https:\/\/lightsalmon-wren-979082.hostingersite.com\/","logo":{"@type":"ImageObject","inLanguage":"pt-BR","@id":"https:\/\/lightsalmon-wren-979082.hostingersite.com\/#\/schema\/logo\/image\/","url":"https:\/\/odontomedepitacio.com.br\/wp-content\/uploads\/2025\/06\/LOGO-e1750379116384.png","contentUrl":"https:\/\/odontomedepitacio.com.br\/wp-content\/uploads\/2025\/06\/LOGO-e1750379116384.png","width":1000,"height":195,"caption":"Odontomed Epit\u00e1cio"},"image":{"@id":"https:\/\/lightsalmon-wren-979082.hostingersite.com\/#\/schema\/logo\/image\/"}}]}},"_links":{"self":[{"href":"https:\/\/odontomedepitacio.com.br\/index.php?rest_route=\/wp\/v2\/pages\/23","targetHints":{"allow":["GET"]}}],"collection":[{"href":"https:\/\/odontomedepitacio.com.br\/index.php?rest_route=\/wp\/v2\/pages"}],"about":[{"href":"https:\/\/odontomedepitacio.com.br\/index.php?rest_route=\/wp\/v2\/types\/page"}],"author":[{"embeddable":true,"href":"https:\/\/odontomedepitacio.com.br\/index.php?rest_route=\/wp\/v2\/users\/1"}],"replies":[{"embeddable":true,"href":"https:\/\/odontomedepitacio.com.br\/index.php?rest_route=%2Fwp%2Fv2%2Fcomments&post=23"}],"version-history":[{"count":4,"href":"https:\/\/odontomedepitacio.com.br\/index.php?rest_route=\/wp\/v2\/pages\/23\/revisions"}],"predecessor-version":[{"id":178,"href":"https:\/\/odontomedepitacio.com.br\/index.php?rest_route=\/wp\/v2\/pages\/23\/revisions\/178"}],"wp:attachment":[{"href":"https:\/\/odontomedepitacio.com.br\/index.php?rest_route=%2Fwp%2Fv2%2Fmedia&parent=23"}],"curies":[{"name":"wp","href":"https:\/\/api.w.org\/{rel}","templated":true}]}}